{"id":3724,"date":"2025-05-12T08:09:35","date_gmt":"2025-05-12T08:09:35","guid":{"rendered":"https:\/\/honold-kirchner2.ftl-it.info\/?page_id=3724"},"modified":"2025-12-02T14:55:55","modified_gmt":"2025-12-02T14:55:55","slug":"ueber-uns","status":"publish","type":"page","link":"https:\/\/honold-kirchner.de\/index.php\/ueber-uns\/","title":{"rendered":"\u00dcber uns"},"content":{"rendered":"\t\t<div data-elementor-type=\"wp-page\" data-elementor-id=\"3724\" class=\"elementor elementor-3724\">\n\t\t\t\t\t\t<section class=\"elementor-section elementor-inner-section elementor-element elementor-element-3ae6edc8 elementor-section-boxed elementor-section-height-default elementor-section-height-default\" data-id=\"3ae6edc8\" data-element_type=\"section\" data-e-type=\"section\">\n\t\t\t\t\t\t<div class=\"elementor-container elementor-column-gap-no\">\n\t\t\t\t\t<div class=\"elementor-column elementor-col-50 elementor-inner-column elementor-element elementor-element-5f4c4 animated-slow pos-sec1-right\" data-id=\"5f4c4\" data-element_type=\"column\" data-e-type=\"column\" data-settings=\"{&quot;animation&quot;:&quot;none&quot;,&quot;background_background&quot;:&quot;slideshow&quot;,&quot;background_slideshow_gallery&quot;:[],&quot;background_slideshow_loop&quot;:&quot;yes&quot;,&quot;background_slideshow_slide_duration&quot;:5000,&quot;background_slideshow_slide_transition&quot;:&quot;fade&quot;,&quot;background_slideshow_transition_duration&quot;:500}\">\n\t\t\t<div class=\"elementor-widget-wrap elementor-element-populated\">\n\t\t\t\t\t\t<div class=\"elementor-element elementor-element-ca4d2cb elementor-widget__width-inherit elementor-widget elementor-widget-image\" data-id=\"ca4d2cb\" data-element_type=\"widget\" data-e-type=\"widget\" data-widget_type=\"image.default\">\n\t\t\t\t<div class=\"elementor-widget-container\">\n\t\t\t\t\t\t\t\t\t\t\t\t\t\t\t<img fetchpriority=\"high\" decoding=\"async\" width=\"1803\" height=\"664\" src=\"https:\/\/honold-kirchner.de\/wp-content\/uploads\/2025\/06\/Screenshot-2023-04-02-161816.png\" class=\"attachment-full size-full wp-image-4653\" alt=\"\" srcset=\"https:\/\/honold-kirchner.de\/wp-content\/uploads\/2025\/06\/Screenshot-2023-04-02-161816.png 1803w, https:\/\/honold-kirchner.de\/wp-content\/uploads\/2025\/06\/Screenshot-2023-04-02-161816-300x110.png 300w, https:\/\/honold-kirchner.de\/wp-content\/uploads\/2025\/06\/Screenshot-2023-04-02-161816-1024x377.png 1024w, https:\/\/honold-kirchner.de\/wp-content\/uploads\/2025\/06\/Screenshot-2023-04-02-161816-768x283.png 768w, https:\/\/honold-kirchner.de\/wp-content\/uploads\/2025\/06\/Screenshot-2023-04-02-161816-1536x566.png 1536w\" sizes=\"(max-width: 1803px) 100vw, 1803px\" \/>\t\t\t\t\t\t\t\t\t\t\t\t\t\t\t<\/div>\n\t\t\t\t<\/div>\n\t\t\t\t\t<\/div>\n\t\t<\/div>\n\t\t\t\t<div class=\"elementor-column elementor-col-50 elementor-inner-column elementor-element elementor-element-4f25f3c2 pos-sec1-left animated-slow elementor-invisible\" data-id=\"4f25f3c2\" data-element_type=\"column\" data-e-type=\"column\" data-settings=\"{&quot;animation&quot;:&quot;fadeInRight&quot;}\">\n\t\t\t<div class=\"elementor-widget-wrap elementor-element-populated\">\n\t\t\t\t\t\t<div class=\"elementor-element elementor-element-7bfd4a50 elementor-widget elementor-widget-heading\" data-id=\"7bfd4a50\" data-element_type=\"widget\" data-e-type=\"widget\" data-widget_type=\"heading.default\">\n\t\t\t\t<div class=\"elementor-widget-container\">\n\t\t\t\t\t<h2 class=\"elementor-heading-title elementor-size-default\">Innovativ. Verl\u00e4sslich. F\u00fcr Sie.<\/h2>\t\t\t\t<\/div>\n\t\t\t\t<\/div>\n\t\t\t\t<div class=\"elementor-element elementor-element-e2a1c0a elementor-widget elementor-widget-text-editor\" data-id=\"e2a1c0a\" data-element_type=\"widget\" data-e-type=\"widget\" data-widget_type=\"text-editor.default\">\n\t\t\t\t<div class=\"elementor-widget-container\">\n\t\t\t\t\t\t\t\t\t<p>Die Honold &amp; Kirchner GmbH ist Ihr zertifizierter Partner im Bereich Electronic Manufacturing Services (EMS) &#8211; mit jahrzehntelanger Erfahrung. Durch die Kombination aus hochmodernen Maschinen und einem fundierten Erfahrungshorizont bieten wir Ihnen herausragende L\u00f6sungen f\u00fcr s\u00e4mtliche Anforderungen der Elektronikfertigung.\u00a0<br \/><span style=\"word-spacing: normal;\">Unsere Expertise deckt den gesamten Prozess der Fertigung elektronischer Baugruppen, Ger\u00e4te und Systeme ab.<\/span><\/p>\t\t\t\t\t\t\t\t<\/div>\n\t\t\t\t<\/div>\n\t\t\t\t\t<\/div>\n\t\t<\/div>\n\t\t\t\t\t<\/div>\n\t\t<\/section>\n\t\t\t\t<section class=\"elementor-section elementor-top-section elementor-element elementor-element-65933ccb elementor-section-boxed elementor-section-height-default elementor-section-height-default\" data-id=\"65933ccb\" data-element_type=\"section\" data-e-type=\"section\" data-settings=\"{&quot;background_background&quot;:&quot;classic&quot;}\">\n\t\t\t\t\t\t<div class=\"elementor-container elementor-column-gap-default\">\n\t\t\t\t\t<div class=\"elementor-column elementor-col-100 elementor-top-column elementor-element elementor-element-118a2f76\" data-id=\"118a2f76\" data-element_type=\"column\" data-e-type=\"column\">\n\t\t\t<div class=\"elementor-widget-wrap elementor-element-populated\">\n\t\t\t\t\t\t<section class=\"elementor-section elementor-inner-section elementor-element elementor-element-4ec49bcd elementor-section-boxed elementor-section-height-default elementor-section-height-default\" data-id=\"4ec49bcd\" data-element_type=\"section\" data-e-type=\"section\">\n\t\t\t\t\t\t<div class=\"elementor-container elementor-column-gap-no\">\n\t\t\t\t\t<div class=\"elementor-column elementor-col-100 elementor-inner-column elementor-element elementor-element-1a490d43 animated-slow pos-sec2-right elementor-invisible\" data-id=\"1a490d43\" data-element_type=\"column\" data-e-type=\"column\" data-settings=\"{&quot;animation&quot;:&quot;fadeInUp&quot;}\">\n\t\t\t<div class=\"elementor-widget-wrap elementor-element-populated\">\n\t\t\t\t\t\t<div class=\"elementor-element elementor-element-2b5a006c elementor-widget elementor-widget-text-editor\" data-id=\"2b5a006c\" data-element_type=\"widget\" data-e-type=\"widget\" data-widget_type=\"text-editor.default\">\n\t\t\t\t<div class=\"elementor-widget-container\">\n\t\t\t\t\t\t\t\t\t<p>Wir bieten Ihnen alles aus einer Hand. So gew\u00e4hrleisten wir <strong>h\u00f6chste Qualit\u00e4t<\/strong>, <strong>Effizienz<\/strong> und <strong>Pr\u00e4zision<\/strong> in jedem Schritt.<\/p>\t\t\t\t\t\t\t\t<\/div>\n\t\t\t\t<\/div>\n\t\t\t\t\t<\/div>\n\t\t<\/div>\n\t\t\t\t\t<\/div>\n\t\t<\/section>\n\t\t\t\t\t<\/div>\n\t\t<\/div>\n\t\t\t\t\t<\/div>\n\t\t<\/section>\n\t\t\t\t<section class=\"elementor-section elementor-inner-section elementor-element elementor-element-53bd87c elementor-section-boxed elementor-section-height-default elementor-section-height-default\" data-id=\"53bd87c\" data-element_type=\"section\" data-e-type=\"section\">\n\t\t\t\t\t\t<div class=\"elementor-container elementor-column-gap-no\">\n\t\t\t\t\t<div class=\"elementor-column elementor-col-50 elementor-inner-column elementor-element elementor-element-a5f2ada pos-sec1-left animated-slow elementor-invisible\" data-id=\"a5f2ada\" data-element_type=\"column\" data-e-type=\"column\" data-settings=\"{&quot;animation&quot;:&quot;fadeInLeft&quot;}\">\n\t\t\t<div class=\"elementor-widget-wrap elementor-element-populated\">\n\t\t\t\t\t\t<div class=\"elementor-element elementor-element-ed1197d elementor-widget elementor-widget-heading\" data-id=\"ed1197d\" data-element_type=\"widget\" data-e-type=\"widget\" data-widget_type=\"heading.default\">\n\t\t\t\t<div class=\"elementor-widget-container\">\n\t\t\t\t\t<h2 class=\"elementor-heading-title elementor-size-default\">Ma\u00dfgeschneidert f\u00fcr Ihre Anforderungen<\/h2>\t\t\t\t<\/div>\n\t\t\t\t<\/div>\n\t\t\t\t<div class=\"elementor-element elementor-element-37dfe2d elementor-widget elementor-widget-text-editor\" data-id=\"37dfe2d\" data-element_type=\"widget\" data-e-type=\"widget\" data-widget_type=\"text-editor.default\">\n\t\t\t\t<div class=\"elementor-widget-container\">\n\t\t\t\t\t\t\t\t\t<p>Vom ersten Konzept \u00fcber die Materialwirtschaft, <br>SMT-Best\u00fcckung und THT-Fertigung bis hin zur Montage und den abschlie\u00dfenden Tests. Ihr&nbsp;zuverl\u00e4ssiger Partner f\u00fcr Entwicklung, Prototypen und Serienfertigung. Ihre Zufriedenheit steht f\u00fcr uns an erster Stelle. Durch den Einsatz modernster Technologien, innovativer Ans\u00e4tze unserer Experten und langj\u00e4hrigem Know-how sichern wir Ihnen h\u00f6chste Qualit\u00e4t und Effizienz. Wir setzen auf kontinuierliche Weiterentwicklung, um Ihnen stets die besten L\u00f6sungen zu bieten.<\/p>\t\t\t\t\t\t\t\t<\/div>\n\t\t\t\t<\/div>\n\t\t\t\t\t<\/div>\n\t\t<\/div>\n\t\t\t\t<div class=\"elementor-column elementor-col-50 elementor-inner-column elementor-element elementor-element-211c482 animated-slow pos-sec1-right\" data-id=\"211c482\" data-element_type=\"column\" data-e-type=\"column\" data-settings=\"{&quot;animation&quot;:&quot;none&quot;,&quot;background_background&quot;:&quot;slideshow&quot;,&quot;background_slideshow_gallery&quot;:[],&quot;background_slideshow_loop&quot;:&quot;yes&quot;,&quot;background_slideshow_slide_duration&quot;:5000,&quot;background_slideshow_slide_transition&quot;:&quot;fade&quot;,&quot;background_slideshow_transition_duration&quot;:500}\">\n\t\t\t<div class=\"elementor-widget-wrap elementor-element-populated\">\n\t\t\t\t\t\t<div class=\"elementor-element elementor-element-17b987c elementor-widget elementor-widget-image\" data-id=\"17b987c\" data-element_type=\"widget\" data-e-type=\"widget\" data-widget_type=\"image.default\">\n\t\t\t\t<div class=\"elementor-widget-container\">\n\t\t\t\t\t\t\t\t\t\t\t\t\t\t\t<img decoding=\"async\" width=\"2560\" height=\"1536\" src=\"https:\/\/honold-kirchner.de\/wp-content\/uploads\/2025\/06\/AdobeStock_1171913558-scaled.jpeg\" class=\"attachment-full size-full wp-image-4647\" alt=\"\" srcset=\"https:\/\/honold-kirchner.de\/wp-content\/uploads\/2025\/06\/AdobeStock_1171913558-scaled.jpeg 2560w, https:\/\/honold-kirchner.de\/wp-content\/uploads\/2025\/06\/AdobeStock_1171913558-300x180.jpeg 300w, https:\/\/honold-kirchner.de\/wp-content\/uploads\/2025\/06\/AdobeStock_1171913558-1024x614.jpeg 1024w, https:\/\/honold-kirchner.de\/wp-content\/uploads\/2025\/06\/AdobeStock_1171913558-768x461.jpeg 768w, https:\/\/honold-kirchner.de\/wp-content\/uploads\/2025\/06\/AdobeStock_1171913558-1536x922.jpeg 1536w, https:\/\/honold-kirchner.de\/wp-content\/uploads\/2025\/06\/AdobeStock_1171913558-2048x1229.jpeg 2048w\" sizes=\"(max-width: 2560px) 100vw, 2560px\" \/>\t\t\t\t\t\t\t\t\t\t\t\t\t\t\t<\/div>\n\t\t\t\t<\/div>\n\t\t\t\t\t<\/div>\n\t\t<\/div>\n\t\t\t\t\t<\/div>\n\t\t<\/section>\n\t\t<div class=\"elementor-element elementor-element-a7b60ab e-flex e-con-boxed e-con e-parent\" data-id=\"a7b60ab\" data-element_type=\"container\" data-e-type=\"container\">\n\t\t\t\t\t<div class=\"e-con-inner\">\n\t\t\t\t<div class=\"elementor-element elementor-element-4650ad8 elementor-widget elementor-widget-image\" data-id=\"4650ad8\" data-element_type=\"widget\" data-e-type=\"widget\" data-widget_type=\"image.default\">\n\t\t\t\t<div class=\"elementor-widget-container\">\n\t\t\t\t\t\t\t\t\t\t\t\t\t\t\t<img decoding=\"async\" width=\"729\" height=\"1024\" src=\"https:\/\/honold-kirchner.de\/wp-content\/uploads\/2025\/11\/Screenshot_20251114_082558_Samsung-Notes-729x1024.jpg\" class=\"attachment-large size-large wp-image-5855\" alt=\"\" srcset=\"https:\/\/honold-kirchner.de\/wp-content\/uploads\/2025\/11\/Screenshot_20251114_082558_Samsung-Notes-729x1024.jpg 729w, https:\/\/honold-kirchner.de\/wp-content\/uploads\/2025\/11\/Screenshot_20251114_082558_Samsung-Notes-213x300.jpg 213w, https:\/\/honold-kirchner.de\/wp-content\/uploads\/2025\/11\/Screenshot_20251114_082558_Samsung-Notes-768x1079.jpg 768w, https:\/\/honold-kirchner.de\/wp-content\/uploads\/2025\/11\/Screenshot_20251114_082558_Samsung-Notes-9x12.jpg 9w, https:\/\/honold-kirchner.de\/wp-content\/uploads\/2025\/11\/Screenshot_20251114_082558_Samsung-Notes.jpg 1080w\" sizes=\"(max-width: 729px) 100vw, 729px\" \/>\t\t\t\t\t\t\t\t\t\t\t\t\t\t\t<\/div>\n\t\t\t\t<\/div>\n\t\t\t\t\t<\/div>\n\t\t\t\t<\/div>\n\t\t\t\t<\/div>\n\t\t","protected":false},"excerpt":{"rendered":"","protected":false},"author":1,"featured_media":0,"parent":0,"menu_order":0,"comment_status":"closed","ping_status":"closed","template":"","meta":{"footnotes":""},"class_list":["post-3724","page","type-page","status-publish"],"_links":{"self":[{"href":"https:\/\/honold-kirchner.de\/index.php\/wp-json\/wp\/v2\/pages\/3724","targetHints":{"allow":["GET"]}}],"collection":[{"href":"https:\/\/honold-kirchner.de\/index.php\/wp-json\/wp\/v2\/pages"}],"about":[{"href":"https:\/\/honold-kirchner.de\/index.php\/wp-json\/wp\/v2\/types\/page"}],"author":[{"embeddable":true,"href":"https:\/\/honold-kirchner.de\/index.php\/wp-json\/wp\/v2\/users\/1"}],"replies":[{"embeddable":true,"href":"https:\/\/honold-kirchner.de\/index.php\/wp-json\/wp\/v2\/comments?post=3724"}],"version-history":[{"count":233,"href":"https:\/\/honold-kirchner.de\/index.php\/wp-json\/wp\/v2\/pages\/3724\/revisions"}],"predecessor-version":[{"id":5867,"href":"https:\/\/honold-kirchner.de\/index.php\/wp-json\/wp\/v2\/pages\/3724\/revisions\/5867"}],"wp:attachment":[{"href":"https:\/\/honold-kirchner.de\/index.php\/wp-json\/wp\/v2\/media?parent=3724"}],"curies":[{"name":"wp","href":"https:\/\/api.w.org\/{rel}","templated":true}]}}