{"id":3810,"date":"2025-05-12T09:24:54","date_gmt":"2025-05-12T09:24:54","guid":{"rendered":"https:\/\/honold-kirchner2.ftl-it.info\/?page_id=3810"},"modified":"2025-06-26T10:49:14","modified_gmt":"2025-06-26T10:49:14","slug":"entwicklung","status":"publish","type":"page","link":"https:\/\/honold-kirchner.de\/index.php\/entwicklung\/","title":{"rendered":"Entwicklung"},"content":{"rendered":"\t\t<div data-elementor-type=\"wp-page\" data-elementor-id=\"3810\" class=\"elementor elementor-3810\">\n\t\t\t\t\t\t<section class=\"elementor-section elementor-top-section elementor-element elementor-element-316bd160 elementor-section-boxed elementor-section-height-default elementor-section-height-default\" data-id=\"316bd160\" data-element_type=\"section\" data-e-type=\"section\" data-settings=\"{&quot;background_background&quot;:&quot;classic&quot;}\">\n\t\t\t\t\t\t<div class=\"elementor-container elementor-column-gap-default\">\n\t\t\t\t\t<div class=\"elementor-column elementor-col-100 elementor-top-column elementor-element elementor-element-33f64cad\" data-id=\"33f64cad\" data-element_type=\"column\" data-e-type=\"column\">\n\t\t\t<div class=\"elementor-widget-wrap elementor-element-populated\">\n\t\t\t\t\t\t<section class=\"elementor-section elementor-inner-section elementor-element elementor-element-2fee4f52 elementor-section-boxed elementor-section-height-default elementor-section-height-default\" data-id=\"2fee4f52\" data-element_type=\"section\" data-e-type=\"section\">\n\t\t\t\t\t\t<div class=\"elementor-container elementor-column-gap-no\">\n\t\t\t\t\t<div class=\"elementor-column elementor-col-50 elementor-inner-column elementor-element elementor-element-3a406509 pos-sec2-left\" data-id=\"3a406509\" data-element_type=\"column\" data-e-type=\"column\">\n\t\t\t<div class=\"elementor-widget-wrap elementor-element-populated\">\n\t\t\t\t\t\t<div class=\"elementor-element elementor-element-ad61ad2 elementor-widget elementor-widget-image\" data-id=\"ad61ad2\" data-element_type=\"widget\" data-e-type=\"widget\" data-widget_type=\"image.default\">\n\t\t\t\t<div class=\"elementor-widget-container\">\n\t\t\t\t\t\t\t\t\t\t\t\t\t\t\t<img fetchpriority=\"high\" decoding=\"async\" width=\"2560\" height=\"1435\" src=\"https:\/\/honold-kirchner.de\/wp-content\/uploads\/2025\/06\/AdobeStock_1256959653-scaled.jpg\" class=\"attachment-full size-full wp-image-4767\" alt=\"\" srcset=\"https:\/\/honold-kirchner.de\/wp-content\/uploads\/2025\/06\/AdobeStock_1256959653-scaled.jpg 2560w, https:\/\/honold-kirchner.de\/wp-content\/uploads\/2025\/06\/AdobeStock_1256959653-300x168.jpg 300w, https:\/\/honold-kirchner.de\/wp-content\/uploads\/2025\/06\/AdobeStock_1256959653-1024x574.jpg 1024w, https:\/\/honold-kirchner.de\/wp-content\/uploads\/2025\/06\/AdobeStock_1256959653-768x430.jpg 768w, https:\/\/honold-kirchner.de\/wp-content\/uploads\/2025\/06\/AdobeStock_1256959653-1536x861.jpg 1536w, https:\/\/honold-kirchner.de\/wp-content\/uploads\/2025\/06\/AdobeStock_1256959653-2048x1148.jpg 2048w\" sizes=\"(max-width: 2560px) 100vw, 2560px\" \/>\t\t\t\t\t\t\t\t\t\t\t\t\t\t\t<\/div>\n\t\t\t\t<\/div>\n\t\t\t\t\t<\/div>\n\t\t<\/div>\n\t\t\t\t<div class=\"elementor-column elementor-col-50 elementor-inner-column elementor-element elementor-element-59dcbebb animated-slow pos-sec2-right elementor-invisible\" data-id=\"59dcbebb\" data-element_type=\"column\" data-e-type=\"column\" data-settings=\"{&quot;animation&quot;:&quot;fadeInUp&quot;}\">\n\t\t\t<div class=\"elementor-widget-wrap elementor-element-populated\">\n\t\t\t\t\t\t<div class=\"elementor-element elementor-element-2b9ef070 elementor-widget__width-initial elementor-widget elementor-widget-text-editor\" data-id=\"2b9ef070\" data-element_type=\"widget\" data-e-type=\"widget\" data-widget_type=\"text-editor.default\">\n\t\t\t\t<div class=\"elementor-widget-container\">\n\t\t\t\t\t\t\t\t\t<p>Bereits in der fr\u00fchen Phase Ihres Projekts stehen wir Ihnen unterst\u00fctzend zur Seite und stellen Ihnen einen pers\u00f6nlichen Ansprechpartner f\u00fcr die Entwicklung neuer Produkte bereit.<br \/>Ob zur tatkr\u00e4ftigen Unterst\u00fctzung Ihres Entwicklungsteams <br \/>oder f\u00fcr die vollst\u00e4ndige Auftragsentwicklung\u00a0\u2013 wir sind an Ihrer Seite. Der Schwerpunkt liegt dabei auf einer engen Abstimmung, um Ihre Anforderungen pr\u00e4zise zu erfassen und umzusetzen. Gerne erstellen wir auch das Layout Ihrer Leiterplatte \u2013 konsequent nach dem Prinzip \u201eDesign-to-manufacture\u201c.<\/p>\t\t\t\t\t\t\t\t<\/div>\n\t\t\t\t<\/div>\n\t\t\t\t\t<\/div>\n\t\t<\/div>\n\t\t\t\t\t<\/div>\n\t\t<\/section>\n\t\t\t\t\t<\/div>\n\t\t<\/div>\n\t\t\t\t\t<\/div>\n\t\t<\/section>\n\t\t\t\t<section class=\"elementor-section elementor-top-section elementor-element elementor-element-f6cb937 elementor-section-boxed elementor-section-height-default elementor-section-height-default\" data-id=\"f6cb937\" data-element_type=\"section\" data-e-type=\"section\" data-settings=\"{&quot;background_background&quot;:&quot;classic&quot;}\">\n\t\t\t\t\t\t<div class=\"elementor-container elementor-column-gap-default\">\n\t\t\t\t\t<div class=\"elementor-column elementor-col-100 elementor-top-column elementor-element elementor-element-acbcf7c\" data-id=\"acbcf7c\" data-element_type=\"column\" data-e-type=\"column\">\n\t\t\t<div class=\"elementor-widget-wrap elementor-element-populated\">\n\t\t\t\t\t\t<section class=\"elementor-section elementor-inner-section elementor-element elementor-element-df8a910 elementor-section-boxed elementor-section-height-default elementor-section-height-default\" data-id=\"df8a910\" data-element_type=\"section\" data-e-type=\"section\">\n\t\t\t\t\t\t<div class=\"elementor-container elementor-column-gap-no\">\n\t\t\t\t\t<div class=\"elementor-column elementor-col-100 elementor-inner-column elementor-element elementor-element-76fa99d animated-slow pos-sec2-right elementor-invisible\" data-id=\"76fa99d\" data-element_type=\"column\" data-e-type=\"column\" data-settings=\"{&quot;animation&quot;:&quot;fadeInUp&quot;}\">\n\t\t\t<div class=\"elementor-widget-wrap elementor-element-populated\">\n\t\t\t\t\t\t<div class=\"elementor-element elementor-element-3db7c2e elementor-widget__width-initial elementor-widget elementor-widget-text-editor\" data-id=\"3db7c2e\" data-element_type=\"widget\" data-e-type=\"widget\" data-widget_type=\"text-editor.default\">\n\t\t\t\t<div class=\"elementor-widget-container\">\n\t\t\t\t\t\t\t\t\t<p><strong>Design<\/strong><\/p><p>Unsere Leiterplattenlayouts entstehen in enger Zusammenarbeit mit unseren Kunden, um sicherzustellen, dass jedes Detail pr\u00e4zise auf Ihre Anforderungen abgestimmt wird. Dieser kooperative Ansatz erm\u00f6glicht es uns, h\u00f6chste Standards im Bereich \u201edesign for manufacturing\u201c sicherzustellen. Durch diese gezielte Ausrichtung optimieren wir nicht nur die Fertigungs- und Testprozesse, sondern gew\u00e4hrleisten auch maximale Pr\u00e4zision und Prozesssicherheit. Dies f\u00fchrt zu sp\u00fcrbaren Kosteneinsparungen und bietet Ihnen eine verl\u00e4ssliche Basis f\u00fcr erfolgreiche Produkte.<\/p>\t\t\t\t\t\t\t\t<\/div>\n\t\t\t\t<\/div>\n\t\t\t\t\t<\/div>\n\t\t<\/div>\n\t\t\t\t\t<\/div>\n\t\t<\/section>\n\t\t\t\t\t<\/div>\n\t\t<\/div>\n\t\t\t\t\t<\/div>\n\t\t<\/section>\n\t\t\t\t<\/div>\n\t\t","protected":false},"excerpt":{"rendered":"","protected":false},"author":1,"featured_media":0,"parent":0,"menu_order":0,"comment_status":"closed","ping_status":"closed","template":"","meta":{"footnotes":""},"class_list":["post-3810","page","type-page","status-publish"],"_links":{"self":[{"href":"https:\/\/honold-kirchner.de\/index.php\/wp-json\/wp\/v2\/pages\/3810","targetHints":{"allow":["GET"]}}],"collection":[{"href":"https:\/\/honold-kirchner.de\/index.php\/wp-json\/wp\/v2\/pages"}],"about":[{"href":"https:\/\/honold-kirchner.de\/index.php\/wp-json\/wp\/v2\/types\/page"}],"author":[{"embeddable":true,"href":"https:\/\/honold-kirchner.de\/index.php\/wp-json\/wp\/v2\/users\/1"}],"replies":[{"embeddable":true,"href":"https:\/\/honold-kirchner.de\/index.php\/wp-json\/wp\/v2\/comments?post=3810"}],"version-history":[{"count":103,"href":"https:\/\/honold-kirchner.de\/index.php\/wp-json\/wp\/v2\/pages\/3810\/revisions"}],"predecessor-version":[{"id":5597,"href":"https:\/\/honold-kirchner.de\/index.php\/wp-json\/wp\/v2\/pages\/3810\/revisions\/5597"}],"wp:attachment":[{"href":"https:\/\/honold-kirchner.de\/index.php\/wp-json\/wp\/v2\/media?parent=3810"}],"curies":[{"name":"wp","href":"https:\/\/api.w.org\/{rel}","templated":true}]}}