{"id":3813,"date":"2025-05-12T09:24:54","date_gmt":"2025-05-12T09:24:54","guid":{"rendered":"https:\/\/honold-kirchner2.ftl-it.info\/?page_id=3813"},"modified":"2025-06-26T10:52:50","modified_gmt":"2025-06-26T10:52:50","slug":"smt-bestueckung","status":"publish","type":"page","link":"https:\/\/honold-kirchner.de\/index.php\/smt-bestueckung\/","title":{"rendered":"SMT-Best\u00fcckung"},"content":{"rendered":"\t\t<div data-elementor-type=\"wp-page\" data-elementor-id=\"3813\" class=\"elementor elementor-3813\">\n\t\t\t\t\t\t<section class=\"elementor-section elementor-top-section elementor-element elementor-element-7cea8182 elementor-section-boxed elementor-section-height-default elementor-section-height-default\" data-id=\"7cea8182\" data-element_type=\"section\" data-e-type=\"section\" data-settings=\"{&quot;background_background&quot;:&quot;classic&quot;}\">\n\t\t\t\t\t\t<div class=\"elementor-container elementor-column-gap-default\">\n\t\t\t\t\t<div class=\"elementor-column elementor-col-100 elementor-top-column elementor-element elementor-element-69421e3c\" data-id=\"69421e3c\" data-element_type=\"column\" data-e-type=\"column\">\n\t\t\t<div class=\"elementor-widget-wrap elementor-element-populated\">\n\t\t\t\t\t\t<section class=\"elementor-section elementor-inner-section elementor-element elementor-element-4c3596f elementor-section-boxed elementor-section-height-default elementor-section-height-default\" data-id=\"4c3596f\" data-element_type=\"section\" data-e-type=\"section\">\n\t\t\t\t\t\t<div class=\"elementor-container elementor-column-gap-no\">\n\t\t\t\t\t<div class=\"elementor-column elementor-col-50 elementor-inner-column elementor-element elementor-element-758ad252 pos-sec2-left\" data-id=\"758ad252\" data-element_type=\"column\" data-e-type=\"column\">\n\t\t\t<div class=\"elementor-widget-wrap elementor-element-populated\">\n\t\t\t\t\t\t<div class=\"elementor-element elementor-element-42dad5b1 elementor-widget elementor-widget-image\" data-id=\"42dad5b1\" data-element_type=\"widget\" data-e-type=\"widget\" data-widget_type=\"image.default\">\n\t\t\t\t<div class=\"elementor-widget-container\">\n\t\t\t\t\t\t\t\t\t\t\t\t\t\t\t<img fetchpriority=\"high\" decoding=\"async\" width=\"800\" height=\"450\" src=\"https:\/\/honold-kirchner.de\/wp-content\/uploads\/2025\/06\/AdobeStock_254465041-1024x576.jpg\" class=\"attachment-large size-large wp-image-4845\" alt=\"\" srcset=\"https:\/\/honold-kirchner.de\/wp-content\/uploads\/2025\/06\/AdobeStock_254465041-1024x576.jpg 1024w, https:\/\/honold-kirchner.de\/wp-content\/uploads\/2025\/06\/AdobeStock_254465041-300x169.jpg 300w, https:\/\/honold-kirchner.de\/wp-content\/uploads\/2025\/06\/AdobeStock_254465041-768x432.jpg 768w, https:\/\/honold-kirchner.de\/wp-content\/uploads\/2025\/06\/AdobeStock_254465041-1536x864.jpg 1536w, https:\/\/honold-kirchner.de\/wp-content\/uploads\/2025\/06\/AdobeStock_254465041-2048x1152.jpg 2048w\" sizes=\"(max-width: 800px) 100vw, 800px\" \/>\t\t\t\t\t\t\t\t\t\t\t\t\t\t\t<\/div>\n\t\t\t\t<\/div>\n\t\t\t\t\t<\/div>\n\t\t<\/div>\n\t\t\t\t<div class=\"elementor-column elementor-col-50 elementor-inner-column elementor-element elementor-element-10afe876 animated-slow pos-sec2-right elementor-invisible\" data-id=\"10afe876\" data-element_type=\"column\" data-e-type=\"column\" data-settings=\"{&quot;animation&quot;:&quot;fadeInUp&quot;}\">\n\t\t\t<div class=\"elementor-widget-wrap elementor-element-populated\">\n\t\t\t\t\t\t<div class=\"elementor-element elementor-element-7257fac8 elementor-widget__width-initial elementor-widget elementor-widget-text-editor\" data-id=\"7257fac8\" data-element_type=\"widget\" data-e-type=\"widget\" data-widget_type=\"text-editor.default\">\n\t\t\t\t<div class=\"elementor-widget-container\">\n\t\t\t\t\t\t\t\t\t<p><strong>Pr\u00e4zise Best\u00fcckung. Maximale Leistung.<\/strong><\/p><p>Im Bereich der Surface-Mount-Technology (SMT) kommen bei uns modernste Maschinen zum Einsatz, die durch jahrelange Partnerschaften mit f\u00fchrenden Maschinenlieferanten kontinuierlich weiterentwickelt werden. Diese enge Zusammenarbeit erm\u00f6glicht es, fortschrittliche Prozesse und Technologien zu implementieren. Im Bereich der Lotpastenverarbeitung setzen wir neben dem konventionellen Schablonendruckverfahren auf die neueste Jet-Printing-Technologie.<\/p>\t\t\t\t\t\t\t\t<\/div>\n\t\t\t\t<\/div>\n\t\t\t\t\t<\/div>\n\t\t<\/div>\n\t\t\t\t\t<\/div>\n\t\t<\/section>\n\t\t\t\t\t<\/div>\n\t\t<\/div>\n\t\t\t\t\t<\/div>\n\t\t<\/section>\n\t\t\t\t<section class=\"elementor-section elementor-top-section elementor-element elementor-element-1555ea2 elementor-section-boxed elementor-section-height-default elementor-section-height-default\" data-id=\"1555ea2\" data-element_type=\"section\" data-e-type=\"section\" data-settings=\"{&quot;background_background&quot;:&quot;classic&quot;}\">\n\t\t\t\t\t\t<div class=\"elementor-container elementor-column-gap-default\">\n\t\t\t\t\t<div class=\"elementor-column elementor-col-100 elementor-top-column elementor-element elementor-element-60d211f\" data-id=\"60d211f\" data-element_type=\"column\" data-e-type=\"column\">\n\t\t\t<div class=\"elementor-widget-wrap elementor-element-populated\">\n\t\t\t\t\t\t<section class=\"elementor-section elementor-inner-section elementor-element elementor-element-7fc2d01 elementor-section-boxed elementor-section-height-default elementor-section-height-default\" data-id=\"7fc2d01\" data-element_type=\"section\" data-e-type=\"section\">\n\t\t\t\t\t\t<div class=\"elementor-container elementor-column-gap-no\">\n\t\t\t\t\t<div class=\"elementor-column elementor-col-50 elementor-inner-column elementor-element elementor-element-5577d89 pos-sec2-left\" data-id=\"5577d89\" data-element_type=\"column\" data-e-type=\"column\">\n\t\t\t<div class=\"elementor-widget-wrap elementor-element-populated\">\n\t\t\t\t\t\t<div class=\"elementor-element elementor-element-48f1d2c elementor-widget elementor-widget-image\" data-id=\"48f1d2c\" data-element_type=\"widget\" data-e-type=\"widget\" data-widget_type=\"image.default\">\n\t\t\t\t<div class=\"elementor-widget-container\">\n\t\t\t\t\t\t\t\t\t\t\t\t\t\t\t\t<a href=\"https:\/\/www.youtube.com\/watch?v=C2TCSFHIzI4&#038;t=5s\">\n\t\t\t\t\t\t\t<img decoding=\"async\" width=\"2560\" height=\"1440\" src=\"https:\/\/honold-kirchner.de\/wp-content\/uploads\/2025\/05\/Fotolia_78507548_XL-1-scaled.jpg\" class=\"attachment-full size-full wp-image-4120\" alt=\"\" srcset=\"https:\/\/honold-kirchner.de\/wp-content\/uploads\/2025\/05\/Fotolia_78507548_XL-1-scaled.jpg 2560w, https:\/\/honold-kirchner.de\/wp-content\/uploads\/2025\/05\/Fotolia_78507548_XL-1-300x169.jpg 300w, https:\/\/honold-kirchner.de\/wp-content\/uploads\/2025\/05\/Fotolia_78507548_XL-1-1024x576.jpg 1024w, https:\/\/honold-kirchner.de\/wp-content\/uploads\/2025\/05\/Fotolia_78507548_XL-1-768x432.jpg 768w, https:\/\/honold-kirchner.de\/wp-content\/uploads\/2025\/05\/Fotolia_78507548_XL-1-1536x864.jpg 1536w, https:\/\/honold-kirchner.de\/wp-content\/uploads\/2025\/05\/Fotolia_78507548_XL-1-2048x1152.jpg 2048w\" sizes=\"(max-width: 2560px) 100vw, 2560px\" \/>\t\t\t\t\t\t\t\t<\/a>\n\t\t\t\t\t\t\t\t\t\t\t\t\t\t\t<\/div>\n\t\t\t\t<\/div>\n\t\t\t\t\t<\/div>\n\t\t<\/div>\n\t\t\t\t<div class=\"elementor-column elementor-col-50 elementor-inner-column elementor-element elementor-element-af13076 animated-slow pos-sec2-right elementor-invisible\" data-id=\"af13076\" data-element_type=\"column\" data-e-type=\"column\" data-settings=\"{&quot;animation&quot;:&quot;fadeInUp&quot;}\">\n\t\t\t<div class=\"elementor-widget-wrap elementor-element-populated\">\n\t\t\t\t\t\t<div class=\"elementor-element elementor-element-bd0014b elementor-widget__width-initial elementor-widget elementor-widget-text-editor\" data-id=\"bd0014b\" data-element_type=\"widget\" data-e-type=\"widget\" data-widget_type=\"text-editor.default\">\n\t\t\t\t<div class=\"elementor-widget-container\">\n\t\t\t\t\t\t\t\t\t<p><strong>Lotpastendruck &#8211; Jet-Printing-Technologie<\/strong><\/p><p>Die Jet-Printing-Technologie erm\u00f6glicht eine pr\u00e4zise, ber\u00fchrungslose Aufbringung von Lotpaste und SMD-Kleber, ganz ohne Schablonen. <br \/>Dies garantiert eine exakte Dosierung und h\u00f6chste Qualit\u00e4tsstandards <br \/>(IPC-Class 3), auch bei kleinsten Strukturen. Durch die flexible Anpassung <br \/>des Lotpasten-Volumens f\u00fcr jedes Pad und die Verwendung verschiedener Pastenk\u00f6rnungen auf einer Leiterplatte k\u00f6nnen wir effizient und schnell auf unterschiedliche Bauteilvarianten reagieren. Die geschlossene Pasteneinheit sch\u00fctzt vor Verunreinigungen und Feuchtigkeit, w\u00e4hrend Traceability-Reports f\u00fcr jede Leiterplatte die vollst\u00e4ndige Nachverfolgbarkeit sichern.<\/p>\t\t\t\t\t\t\t\t<\/div>\n\t\t\t\t<\/div>\n\t\t\t\t<div class=\"elementor-element elementor-element-5f391be elementor-widget__width-initial elementor-widget elementor-widget-text-editor\" data-id=\"5f391be\" data-element_type=\"widget\" data-e-type=\"widget\" data-widget_type=\"text-editor.default\">\n\t\t\t\t<div class=\"elementor-widget-container\">\n\t\t\t\t\t\t\t\t\t<p><strong>Ihre Vorteile:<\/strong><\/p><ul><li>Individuelle Lotpaste-Dosierung<\/li><li>Maximale Flexibilit\u00e4t ohne Schablonen<\/li><li>H\u00f6chste Pr\u00e4zision bei feinsten Strukturen<\/li><li>Schutz vor Verunreinigungen und Feuchtigkeit<\/li><li>Volle Nachverfolgbarkeit (Traceability)<\/li><\/ul>\t\t\t\t\t\t\t\t<\/div>\n\t\t\t\t<\/div>\n\t\t\t\t<div class=\"elementor-element elementor-element-1a1efdc elementor-widget__width-initial elementor-widget elementor-widget-text-editor\" data-id=\"1a1efdc\" data-element_type=\"widget\" data-e-type=\"widget\" data-widget_type=\"text-editor.default\">\n\t\t\t\t<div class=\"elementor-widget-container\">\n\t\t\t\t\t\t\t\t\t<p>Mit dieser Technologie bieten wir Ihnen eine effiziente und qualitativ hochwertige Fertigung, die flexibel auf Ihre Anforderungen reagiert.<\/p>\t\t\t\t\t\t\t\t<\/div>\n\t\t\t\t<\/div>\n\t\t\t\t\t<\/div>\n\t\t<\/div>\n\t\t\t\t\t<\/div>\n\t\t<\/section>\n\t\t\t\t\t<\/div>\n\t\t<\/div>\n\t\t\t\t\t<\/div>\n\t\t<\/section>\n\t\t\t\t<section class=\"elementor-section elementor-top-section elementor-element elementor-element-e2e31a5 elementor-section-boxed elementor-section-height-default elementor-section-height-default\" data-id=\"e2e31a5\" data-element_type=\"section\" data-e-type=\"section\" data-settings=\"{&quot;background_background&quot;:&quot;classic&quot;}\">\n\t\t\t\t\t\t<div class=\"elementor-container elementor-column-gap-default\">\n\t\t\t\t\t<div class=\"elementor-column elementor-col-100 elementor-top-column elementor-element elementor-element-0908cb3\" data-id=\"0908cb3\" data-element_type=\"column\" data-e-type=\"column\">\n\t\t\t<div class=\"elementor-widget-wrap elementor-element-populated\">\n\t\t\t\t\t\t<section class=\"elementor-section elementor-inner-section elementor-element elementor-element-cfb42a4 elementor-section-boxed elementor-section-height-default elementor-section-height-default\" data-id=\"cfb42a4\" data-element_type=\"section\" data-e-type=\"section\">\n\t\t\t\t\t\t<div class=\"elementor-container elementor-column-gap-no\">\n\t\t\t\t\t<div class=\"elementor-column elementor-col-100 elementor-inner-column elementor-element elementor-element-5fcadc8 animated-slow pos-sec2-right elementor-invisible\" data-id=\"5fcadc8\" data-element_type=\"column\" data-e-type=\"column\" data-settings=\"{&quot;animation&quot;:&quot;fadeInUp&quot;}\">\n\t\t\t<div class=\"elementor-widget-wrap elementor-element-populated\">\n\t\t\t\t\t\t<div class=\"elementor-element elementor-element-067c14d elementor-widget__width-initial elementor-widget elementor-widget-text-editor\" data-id=\"067c14d\" data-element_type=\"widget\" data-e-type=\"widget\" data-widget_type=\"text-editor.default\">\n\t\t\t\t<div class=\"elementor-widget-container\">\n\t\t\t\t\t\t\t\t\t<p><strong>Pick&amp;Place<\/strong><\/p><p>Unser Pick&amp;Place-Verfahren gew\u00e4hrleistet die prozesssichere Verarbeitung unterschiedlichster Bauformen. Optimiertes Materialhandling und kurze R\u00fcstzeiten sorgen f\u00fcr eine zeiteffiziente und pr\u00e4zise Fertigung, auch bei kleinsten Losgr\u00f6\u00dfen oder Erstmustern. Jedes Bauteil erh\u00e4lt eine eindeutige Identifikationsnummer, die den gesamten Lebenszyklus dokumentiert \u2013 von der Lagerung \u00fcber das Best\u00fccken bis zur Montage. Diese R\u00fcckverfolgbarkeit (Traceability) bietet Transparenz und Sicherheit in der Produktion. Unsere innovative Feeder-Technologie reduziert Materialschwund und minimiert Vorlaufzeiten. Alle Bauelemente werden geometrisch und zus\u00e4tzlich elektrisch vermessen, um Fehler durch falsche Kennzeichnung auszuschlie\u00dfen.<\/p>\t\t\t\t\t\t\t\t<\/div>\n\t\t\t\t<\/div>\n\t\t\t\t<div class=\"elementor-element elementor-element-fa9b04c elementor-widget__width-initial elementor-widget elementor-widget-text-editor\" data-id=\"fa9b04c\" data-element_type=\"widget\" data-e-type=\"widget\" data-widget_type=\"text-editor.default\">\n\t\t\t\t<div class=\"elementor-widget-container\">\n\t\t\t\t\t\t\t\t\t<p><strong>Ihre Vorteile:<\/strong><\/p><ul><li>Verarbeitung verschiedenster Geh\u00e4useformen<\/li><li>Traceability<\/li><li>Reduzierter Materialschwund durch optimiertes Feedern<\/li><li>Pr\u00e4zise elektrische und geometrische Vermessung<\/li><li>Effiziente Fertigung aller Losgr\u00f6\u00dfen.<\/li><\/ul>\t\t\t\t\t\t\t\t<\/div>\n\t\t\t\t<\/div>\n\t\t\t\t<div class=\"elementor-element elementor-element-5378230 elementor-widget__width-initial elementor-widget elementor-widget-text-editor\" data-id=\"5378230\" data-element_type=\"widget\" data-e-type=\"widget\" data-widget_type=\"text-editor.default\">\n\t\t\t\t<div class=\"elementor-widget-container\">\n\t\t\t\t\t\t\t\t\t<p>Unser Anspruch: H\u00f6chste Zuverl\u00e4ssigkeit und Pr\u00e4zision in jedem Produktionsschritt.<\/p>\t\t\t\t\t\t\t\t<\/div>\n\t\t\t\t<\/div>\n\t\t\t\t\t<\/div>\n\t\t<\/div>\n\t\t\t\t\t<\/div>\n\t\t<\/section>\n\t\t\t\t\t<\/div>\n\t\t<\/div>\n\t\t\t\t\t<\/div>\n\t\t<\/section>\n\t\t\t\t<\/div>\n\t\t","protected":false},"excerpt":{"rendered":"","protected":false},"author":1,"featured_media":0,"parent":0,"menu_order":0,"comment_status":"closed","ping_status":"closed","template":"","meta":{"footnotes":""},"class_list":["post-3813","page","type-page","status-publish"],"_links":{"self":[{"href":"https:\/\/honold-kirchner.de\/index.php\/wp-json\/wp\/v2\/pages\/3813","targetHints":{"allow":["GET"]}}],"collection":[{"href":"https:\/\/honold-kirchner.de\/index.php\/wp-json\/wp\/v2\/pages"}],"about":[{"href":"https:\/\/honold-kirchner.de\/index.php\/wp-json\/wp\/v2\/types\/page"}],"author":[{"embeddable":true,"href":"https:\/\/honold-kirchner.de\/index.php\/wp-json\/wp\/v2\/users\/1"}],"replies":[{"embeddable":true,"href":"https:\/\/honold-kirchner.de\/index.php\/wp-json\/wp\/v2\/comments?post=3813"}],"version-history":[{"count":82,"href":"https:\/\/honold-kirchner.de\/index.php\/wp-json\/wp\/v2\/pages\/3813\/revisions"}],"predecessor-version":[{"id":5606,"href":"https:\/\/honold-kirchner.de\/index.php\/wp-json\/wp\/v2\/pages\/3813\/revisions\/5606"}],"wp:attachment":[{"href":"https:\/\/honold-kirchner.de\/index.php\/wp-json\/wp\/v2\/media?parent=3813"}],"curies":[{"name":"wp","href":"https:\/\/api.w.org\/{rel}","templated":true}]}}