{"id":3815,"date":"2025-05-12T09:24:54","date_gmt":"2025-05-12T09:24:54","guid":{"rendered":"https:\/\/honold-kirchner2.ftl-it.info\/?page_id=3815"},"modified":"2025-06-26T10:57:27","modified_gmt":"2025-06-26T10:57:27","slug":"3d-aoi","status":"publish","type":"page","link":"https:\/\/honold-kirchner.de\/index.php\/3d-aoi\/","title":{"rendered":"3D-AOI"},"content":{"rendered":"\t\t<div data-elementor-type=\"wp-page\" data-elementor-id=\"3815\" class=\"elementor elementor-3815\">\n\t\t\t\t\t\t<section class=\"elementor-section elementor-top-section elementor-element elementor-element-1aee6661 elementor-section-boxed elementor-section-height-default elementor-section-height-default\" data-id=\"1aee6661\" data-element_type=\"section\" data-e-type=\"section\" data-settings=\"{&quot;background_background&quot;:&quot;classic&quot;}\">\n\t\t\t\t\t\t<div class=\"elementor-container elementor-column-gap-default\">\n\t\t\t\t\t<div class=\"elementor-column elementor-col-100 elementor-top-column elementor-element elementor-element-4c5cc76\" data-id=\"4c5cc76\" data-element_type=\"column\" data-e-type=\"column\">\n\t\t\t<div class=\"elementor-widget-wrap elementor-element-populated\">\n\t\t\t\t\t\t<section class=\"elementor-section elementor-inner-section elementor-element elementor-element-7feb6474 elementor-section-boxed elementor-section-height-default elementor-section-height-default\" data-id=\"7feb6474\" data-element_type=\"section\" data-e-type=\"section\">\n\t\t\t\t\t\t<div class=\"elementor-container elementor-column-gap-no\">\n\t\t\t\t\t<div class=\"elementor-column elementor-col-50 elementor-inner-column elementor-element elementor-element-a308f3d pos-sec2-left\" data-id=\"a308f3d\" data-element_type=\"column\" data-e-type=\"column\">\n\t\t\t<div class=\"elementor-widget-wrap elementor-element-populated\">\n\t\t\t\t\t\t<div class=\"elementor-element elementor-element-44d67ed3 elementor-widget elementor-widget-image\" data-id=\"44d67ed3\" data-element_type=\"widget\" data-e-type=\"widget\" data-widget_type=\"image.default\">\n\t\t\t\t<div class=\"elementor-widget-container\">\n\t\t\t\t\t\t\t\t\t\t\t\t\t\t\t<img fetchpriority=\"high\" decoding=\"async\" width=\"2560\" height=\"1707\" src=\"https:\/\/honold-kirchner.de\/wp-content\/uploads\/2025\/06\/AdobeStock_1157775817-scaled.jpg\" class=\"attachment-full size-full wp-image-4896\" alt=\"\" srcset=\"https:\/\/honold-kirchner.de\/wp-content\/uploads\/2025\/06\/AdobeStock_1157775817-scaled.jpg 2560w, https:\/\/honold-kirchner.de\/wp-content\/uploads\/2025\/06\/AdobeStock_1157775817-300x200.jpg 300w, https:\/\/honold-kirchner.de\/wp-content\/uploads\/2025\/06\/AdobeStock_1157775817-1024x683.jpg 1024w, https:\/\/honold-kirchner.de\/wp-content\/uploads\/2025\/06\/AdobeStock_1157775817-768x512.jpg 768w, https:\/\/honold-kirchner.de\/wp-content\/uploads\/2025\/06\/AdobeStock_1157775817-1536x1024.jpg 1536w, https:\/\/honold-kirchner.de\/wp-content\/uploads\/2025\/06\/AdobeStock_1157775817-2048x1365.jpg 2048w\" sizes=\"(max-width: 2560px) 100vw, 2560px\" \/>\t\t\t\t\t\t\t\t\t\t\t\t\t\t\t<\/div>\n\t\t\t\t<\/div>\n\t\t\t\t\t<\/div>\n\t\t<\/div>\n\t\t\t\t<div class=\"elementor-column elementor-col-50 elementor-inner-column elementor-element elementor-element-3f122fbb animated-slow pos-sec2-right elementor-invisible\" data-id=\"3f122fbb\" data-element_type=\"column\" data-e-type=\"column\" data-settings=\"{&quot;animation&quot;:&quot;fadeInUp&quot;}\">\n\t\t\t<div class=\"elementor-widget-wrap elementor-element-populated\">\n\t\t\t\t\t\t<div class=\"elementor-element elementor-element-45f1584f elementor-widget__width-initial elementor-widget elementor-widget-text-editor\" data-id=\"45f1584f\" data-element_type=\"widget\" data-e-type=\"widget\" data-widget_type=\"text-editor.default\">\n\t\t\t\t<div class=\"elementor-widget-container\">\n\t\t\t\t\t\t\t\t\t<p>Die fortschreitende Miniaturisierung elektronischer Bauteile erfordert eine l\u00fcckenlose Kontrolle, um Fehler zuverl\u00e4ssig zu erkennen. <br \/>Unsere moderne 3D-AOI-Technologie kombiniert hochaufl\u00f6sende 2D- und 3D-Pr\u00fcfverfahren, um selbst kleinste Abweichungen sicher zu identifizieren. Dank einer Hauptkamera und mehreren Seitenkameras und einer pr\u00e4zisen 3D-Messtechnik werden Bauteile aus verschiedenen Blickwinkeln pr\u00e4zise erfasst \u2013 selbst schwer zug\u00e4ngliche Bereiche bleiben nicht verborgen. Schattenbildungen werden ausgeschlossen, w\u00e4hrend h\u00f6chste Standards der IPC-Class 3 konsequent eingehalten werden k\u00f6nnen. Durch das intelligente Inspektionssystem entsteht ein umfassender Datenpool, der eine pr\u00e4zise und zuverl\u00e4ssige Pr\u00fcfung jeder Baugruppe gew\u00e4hrleistet.<\/p>\t\t\t\t\t\t\t\t<\/div>\n\t\t\t\t<\/div>\n\t\t\t\t<div class=\"elementor-element elementor-element-a9d4f21 elementor-widget__width-initial elementor-widget elementor-widget-text-editor\" data-id=\"a9d4f21\" data-element_type=\"widget\" data-e-type=\"widget\" data-widget_type=\"text-editor.default\">\n\t\t\t\t<div class=\"elementor-widget-container\">\n\t\t\t\t\t\t\t\t\t<p><strong>Das Ergebnis:<\/strong><\/p><ul><li>Hochaufl\u00f6sende 3D-Inspektion f\u00fcr maximale Pr\u00e4zision<\/li><li>Mehrwinkel-Kamerasystem &amp; 3D-Messtechnik f\u00fcr vollst\u00e4ndige Bauteilerfassung<\/li><li>Erkennung selbst kleinster Fehlerbilder<\/li><li>Prozesssicherheit durch tiefgehende Pr\u00fcfalgorithmen<\/li><li>Maximale Transparenz<\/li><\/ul>\t\t\t\t\t\t\t\t<\/div>\n\t\t\t\t<\/div>\n\t\t\t\t\t<\/div>\n\t\t<\/div>\n\t\t\t\t\t<\/div>\n\t\t<\/section>\n\t\t\t\t\t<\/div>\n\t\t<\/div>\n\t\t\t\t\t<\/div>\n\t\t<\/section>\n\t\t\t\t<\/div>\n\t\t","protected":false},"excerpt":{"rendered":"","protected":false},"author":1,"featured_media":0,"parent":0,"menu_order":0,"comment_status":"closed","ping_status":"closed","template":"","meta":{"footnotes":""},"class_list":["post-3815","page","type-page","status-publish"],"_links":{"self":[{"href":"https:\/\/honold-kirchner.de\/index.php\/wp-json\/wp\/v2\/pages\/3815","targetHints":{"allow":["GET"]}}],"collection":[{"href":"https:\/\/honold-kirchner.de\/index.php\/wp-json\/wp\/v2\/pages"}],"about":[{"href":"https:\/\/honold-kirchner.de\/index.php\/wp-json\/wp\/v2\/types\/page"}],"author":[{"embeddable":true,"href":"https:\/\/honold-kirchner.de\/index.php\/wp-json\/wp\/v2\/users\/1"}],"replies":[{"embeddable":true,"href":"https:\/\/honold-kirchner.de\/index.php\/wp-json\/wp\/v2\/comments?post=3815"}],"version-history":[{"count":38,"href":"https:\/\/honold-kirchner.de\/index.php\/wp-json\/wp\/v2\/pages\/3815\/revisions"}],"predecessor-version":[{"id":5633,"href":"https:\/\/honold-kirchner.de\/index.php\/wp-json\/wp\/v2\/pages\/3815\/revisions\/5633"}],"wp:attachment":[{"href":"https:\/\/honold-kirchner.de\/index.php\/wp-json\/wp\/v2\/media?parent=3815"}],"curies":[{"name":"wp","href":"https:\/\/api.w.org\/{rel}","templated":true}]}}