{"id":3817,"date":"2025-05-12T09:24:54","date_gmt":"2025-05-12T09:24:54","guid":{"rendered":"https:\/\/honold-kirchner2.ftl-it.info\/?page_id=3817"},"modified":"2025-06-26T10:56:29","modified_gmt":"2025-06-26T10:56:29","slug":"3d-spi","status":"publish","type":"page","link":"https:\/\/honold-kirchner.de\/index.php\/3d-spi\/","title":{"rendered":"3D-SPI"},"content":{"rendered":"\t\t<div data-elementor-type=\"wp-page\" data-elementor-id=\"3817\" class=\"elementor elementor-3817\">\n\t\t\t\t\t\t<section class=\"elementor-section elementor-top-section elementor-element elementor-element-b5f1eb elementor-section-boxed elementor-section-height-default elementor-section-height-default\" data-id=\"b5f1eb\" data-element_type=\"section\" data-e-type=\"section\" data-settings=\"{&quot;background_background&quot;:&quot;classic&quot;}\">\n\t\t\t\t\t\t<div class=\"elementor-container elementor-column-gap-default\">\n\t\t\t\t\t<div class=\"elementor-column elementor-col-100 elementor-top-column elementor-element elementor-element-47539c9\" data-id=\"47539c9\" data-element_type=\"column\" data-e-type=\"column\">\n\t\t\t<div class=\"elementor-widget-wrap elementor-element-populated\">\n\t\t\t\t\t\t<section class=\"elementor-section elementor-inner-section elementor-element elementor-element-62f20835 elementor-section-boxed elementor-section-height-default elementor-section-height-default\" data-id=\"62f20835\" data-element_type=\"section\" data-e-type=\"section\">\n\t\t\t\t\t\t<div class=\"elementor-container elementor-column-gap-no\">\n\t\t\t\t\t<div class=\"elementor-column elementor-col-50 elementor-inner-column elementor-element elementor-element-a16c97 pos-sec2-left\" data-id=\"a16c97\" data-element_type=\"column\" data-e-type=\"column\">\n\t\t\t<div class=\"elementor-widget-wrap elementor-element-populated\">\n\t\t\t\t\t\t<div class=\"elementor-element elementor-element-625190b elementor-widget elementor-widget-image\" data-id=\"625190b\" data-element_type=\"widget\" data-e-type=\"widget\" data-widget_type=\"image.default\">\n\t\t\t\t<div class=\"elementor-widget-container\">\n\t\t\t\t\t\t\t\t\t\t\t\t\t\t\t<img fetchpriority=\"high\" decoding=\"async\" width=\"800\" height=\"448\" src=\"https:\/\/honold-kirchner.de\/wp-content\/uploads\/2025\/06\/AdobeStock_1236200494-1024x574.jpg\" class=\"attachment-large size-large wp-image-4895\" alt=\"\" srcset=\"https:\/\/honold-kirchner.de\/wp-content\/uploads\/2025\/06\/AdobeStock_1236200494-1024x574.jpg 1024w, https:\/\/honold-kirchner.de\/wp-content\/uploads\/2025\/06\/AdobeStock_1236200494-300x168.jpg 300w, https:\/\/honold-kirchner.de\/wp-content\/uploads\/2025\/06\/AdobeStock_1236200494-768x430.jpg 768w, https:\/\/honold-kirchner.de\/wp-content\/uploads\/2025\/06\/AdobeStock_1236200494-1536x861.jpg 1536w, https:\/\/honold-kirchner.de\/wp-content\/uploads\/2025\/06\/AdobeStock_1236200494-2048x1148.jpg 2048w\" sizes=\"(max-width: 800px) 100vw, 800px\" \/>\t\t\t\t\t\t\t\t\t\t\t\t\t\t\t<\/div>\n\t\t\t\t<\/div>\n\t\t\t\t\t<\/div>\n\t\t<\/div>\n\t\t\t\t<div class=\"elementor-column elementor-col-50 elementor-inner-column elementor-element elementor-element-613d1e9c animated-slow pos-sec2-right elementor-invisible\" data-id=\"613d1e9c\" data-element_type=\"column\" data-e-type=\"column\" data-settings=\"{&quot;animation&quot;:&quot;fadeInUp&quot;}\">\n\t\t\t<div class=\"elementor-widget-wrap elementor-element-populated\">\n\t\t\t\t\t\t<div class=\"elementor-element elementor-element-36e9ee00 elementor-widget__width-initial elementor-widget elementor-widget-text-editor\" data-id=\"36e9ee00\" data-element_type=\"widget\" data-e-type=\"widget\" data-widget_type=\"text-editor.default\">\n\t\t\t\t<div class=\"elementor-widget-container\">\n\t\t\t\t\t\t\t\t\t<p>H\u00f6chste Qualit\u00e4t beginnt bei den kleinsten Details \u2013 deshalb setzen wir auf die modernste 3D-SPI-Technologie (Solder-Paste-Inspection). Dieses Verfahren pr\u00fcft den Lotpastendruck auf Volumen, Versatz, Fl\u00e4che, H\u00f6he und Br\u00fcckenbildung, um Fehler fr\u00fchzeitig zu erkennen und auszuschlie\u00dfen. So stellen wir sicher, dass nur perfekt vorbereitete Leiterplatten in den Best\u00fcckungsprozess gelangen. <br \/>Dank kontinuierlicher Prozess\u00fcberwachung k\u00f6nnen wir sofort eingreifen, bevor Abweichungen entstehen \u2013 f\u00fcr einen konstant hohen First Pass Yield (FPY). Zus\u00e4tzlich sorgt unser Traceability-Report f\u00fcr maximale Transparenz und dokumentiert jede Leiterplatte detailliert.<\/p>\t\t\t\t\t\t\t\t<\/div>\n\t\t\t\t<\/div>\n\t\t\t\t<div class=\"elementor-element elementor-element-7f683a0 elementor-widget__width-initial elementor-widget elementor-widget-text-editor\" data-id=\"7f683a0\" data-element_type=\"widget\" data-e-type=\"widget\" data-widget_type=\"text-editor.default\">\n\t\t\t\t<div class=\"elementor-widget-container\">\n\t\t\t\t\t\t\t\t\t<p><strong>Die Vorteile auf einen Blick:<\/strong><\/p>\n<ul>\n<li>Fehlerminimierung: Kein fehlerhafter Lotpastendruck gelangt in die Produktion<\/li>\n<li>Maximale Transparenz: L\u00fcckenlose R\u00fcckverfolgbarkeit durch individuelle Reports Zuverl\u00e4ssige<\/li>\n<li>Qualit\u00e4t: Fr\u00fchzeitige Fehlererkennung f\u00fcr eine optimale Produktion<\/li>\n<li>Vernetzte Prozesse: Datenweitergabe an nachgelagerte Pr\u00fcfverfahren<\/li>\n<\/ul>\t\t\t\t\t\t\t\t<\/div>\n\t\t\t\t<\/div>\n\t\t\t\t<div class=\"elementor-element elementor-element-9ca19f7 elementor-widget__width-initial elementor-widget elementor-widget-text-editor\" data-id=\"9ca19f7\" data-element_type=\"widget\" data-e-type=\"widget\" data-widget_type=\"text-editor.default\">\n\t\t\t\t<div class=\"elementor-widget-container\">\n\t\t\t\t\t\t\t\t\t<p>Verlassen Sie sich auf modernste Technologien f\u00fcr eine sichere, effiziente und fehlerfreie Fertigung.<\/p>\t\t\t\t\t\t\t\t<\/div>\n\t\t\t\t<\/div>\n\t\t\t\t\t<\/div>\n\t\t<\/div>\n\t\t\t\t\t<\/div>\n\t\t<\/section>\n\t\t\t\t\t<\/div>\n\t\t<\/div>\n\t\t\t\t\t<\/div>\n\t\t<\/section>\n\t\t\t\t<\/div>\n\t\t","protected":false},"excerpt":{"rendered":"","protected":false},"author":1,"featured_media":0,"parent":0,"menu_order":0,"comment_status":"closed","ping_status":"closed","template":"","meta":{"footnotes":""},"class_list":["post-3817","page","type-page","status-publish"],"_links":{"self":[{"href":"https:\/\/honold-kirchner.de\/index.php\/wp-json\/wp\/v2\/pages\/3817","targetHints":{"allow":["GET"]}}],"collection":[{"href":"https:\/\/honold-kirchner.de\/index.php\/wp-json\/wp\/v2\/pages"}],"about":[{"href":"https:\/\/honold-kirchner.de\/index.php\/wp-json\/wp\/v2\/types\/page"}],"author":[{"embeddable":true,"href":"https:\/\/honold-kirchner.de\/index.php\/wp-json\/wp\/v2\/users\/1"}],"replies":[{"embeddable":true,"href":"https:\/\/honold-kirchner.de\/index.php\/wp-json\/wp\/v2\/comments?post=3817"}],"version-history":[{"count":47,"href":"https:\/\/honold-kirchner.de\/index.php\/wp-json\/wp\/v2\/pages\/3817\/revisions"}],"predecessor-version":[{"id":5624,"href":"https:\/\/honold-kirchner.de\/index.php\/wp-json\/wp\/v2\/pages\/3817\/revisions\/5624"}],"wp:attachment":[{"href":"https:\/\/honold-kirchner.de\/index.php\/wp-json\/wp\/v2\/media?parent=3817"}],"curies":[{"name":"wp","href":"https:\/\/api.w.org\/{rel}","templated":true}]}}