{"id":3839,"date":"2025-05-12T09:28:56","date_gmt":"2025-05-12T09:28:56","guid":{"rendered":"https:\/\/honold-kirchner2.ftl-it.info\/?page_id=3839"},"modified":"2025-06-26T11:02:50","modified_gmt":"2025-06-26T11:02:50","slug":"warenwirtschaft","status":"publish","type":"page","link":"https:\/\/honold-kirchner.de\/index.php\/warenwirtschaft\/","title":{"rendered":"Warenwirtschaft"},"content":{"rendered":"\t\t<div data-elementor-type=\"wp-page\" data-elementor-id=\"3839\" class=\"elementor elementor-3839\">\n\t\t\t\t<div class=\"elementor-element elementor-element-4385207 e-flex e-con-boxed e-con e-parent\" data-id=\"4385207\" data-element_type=\"container\" data-e-type=\"container\">\n\t\t\t\t\t<div class=\"e-con-inner\">\n\t\t<div class=\"elementor-element elementor-element-e9ca6ef e-con-full e-flex e-con e-child\" data-id=\"e9ca6ef\" data-element_type=\"container\" data-e-type=\"container\">\n\t\t\t\t<div class=\"elementor-element elementor-element-6f56ab3 elementor-widget elementor-widget-image\" data-id=\"6f56ab3\" data-element_type=\"widget\" data-e-type=\"widget\" data-widget_type=\"image.default\">\n\t\t\t\t<div class=\"elementor-widget-container\">\n\t\t\t\t\t\t\t\t\t\t\t\t\t\t\t<img fetchpriority=\"high\" decoding=\"async\" width=\"567\" height=\"849\" src=\"https:\/\/honold-kirchner.de\/wp-content\/uploads\/2025\/06\/Material-Handling-Robotic-Arm-in-SMD-Tower_lr.jpg\" class=\"attachment-full size-full wp-image-4652\" alt=\"\" srcset=\"https:\/\/honold-kirchner.de\/wp-content\/uploads\/2025\/06\/Material-Handling-Robotic-Arm-in-SMD-Tower_lr.jpg 567w, https:\/\/honold-kirchner.de\/wp-content\/uploads\/2025\/06\/Material-Handling-Robotic-Arm-in-SMD-Tower_lr-200x300.jpg 200w\" sizes=\"(max-width: 567px) 100vw, 567px\" \/>\t\t\t\t\t\t\t\t\t\t\t\t\t\t\t<\/div>\n\t\t\t\t<\/div>\n\t\t\t\t<\/div>\n\t\t<div class=\"elementor-element elementor-element-efec81e e-con-full e-flex e-con e-child\" data-id=\"efec81e\" data-element_type=\"container\" data-e-type=\"container\">\n\t\t\t\t<div class=\"elementor-element elementor-element-3a14749 elementor-widget__width-initial animated-slow elementor-invisible elementor-widget elementor-widget-text-editor\" data-id=\"3a14749\" data-element_type=\"widget\" data-e-type=\"widget\" data-settings=\"{&quot;_animation&quot;:&quot;fadeInRight&quot;}\" data-widget_type=\"text-editor.default\">\n\t\t\t\t<div class=\"elementor-widget-container\">\n\t\t\t\t\t\t\t\t\t<p><strong>Effiziente Materialwirtschaft f\u00fcr maximale Planungssicherheit<\/strong><br \/>Unsere Materialwirtschaft ist auf transparente, nachhaltige Abl\u00e4ufe entlang der gesamten Lieferkette ausgerichtet \u2013 von der Bauteilbeschaffung \u00fcber die Lagerung bis zum Versand. Dank eines eigenen Vorrats an Standardbauteilen, einem modernen Lagersystem und weltweit vernetzten Lieferanten bieten wir kurze Reaktionszeiten und h\u00f6chste Verf\u00fcgbarkeit. <br \/>Feuchtigkeitsempfindliche Komponenten lagern wir unter optimalen Bedingungen in Trocken- und Stickstoffschr\u00e4nken, \u00fcberwacht durch pr\u00e4zise Sensorik und dokumentiert f\u00fcr l\u00fcckenlose Traceability. So garantieren wir konstant hohe Bauteilqualit\u00e4t und eine verl\u00e4ssliche Umsetzung Ihrer Projekte.<\/p>\t\t\t\t\t\t\t\t<\/div>\n\t\t\t\t<\/div>\n\t\t\t\t<div class=\"elementor-element elementor-element-fdcbbaa elementor-widget elementor-widget-image\" data-id=\"fdcbbaa\" data-element_type=\"widget\" data-e-type=\"widget\" data-widget_type=\"image.default\">\n\t\t\t\t<div class=\"elementor-widget-container\">\n\t\t\t\t\t\t\t\t\t\t\t\t\t\t\t<img decoding=\"async\" width=\"800\" height=\"273\" src=\"https:\/\/honold-kirchner.de\/wp-content\/uploads\/2025\/06\/Fotolia_175026854_L-1024x350.jpg\" class=\"attachment-large size-large wp-image-4650\" alt=\"\" srcset=\"https:\/\/honold-kirchner.de\/wp-content\/uploads\/2025\/06\/Fotolia_175026854_L-1024x350.jpg 1024w, https:\/\/honold-kirchner.de\/wp-content\/uploads\/2025\/06\/Fotolia_175026854_L-300x102.jpg 300w, https:\/\/honold-kirchner.de\/wp-content\/uploads\/2025\/06\/Fotolia_175026854_L-768x262.jpg 768w, https:\/\/honold-kirchner.de\/wp-content\/uploads\/2025\/06\/Fotolia_175026854_L-1536x524.jpg 1536w, https:\/\/honold-kirchner.de\/wp-content\/uploads\/2025\/06\/Fotolia_175026854_L-2048x699.jpg 2048w\" sizes=\"(max-width: 800px) 100vw, 800px\" \/>\t\t\t\t\t\t\t\t\t\t\t\t\t\t\t<\/div>\n\t\t\t\t<\/div>\n\t\t\t\t<\/div>\n\t\t\t\t\t<\/div>\n\t\t\t\t<\/div>\n\t\t\t\t<\/div>\n\t\t","protected":false},"excerpt":{"rendered":"","protected":false},"author":1,"featured_media":0,"parent":0,"menu_order":0,"comment_status":"closed","ping_status":"closed","template":"","meta":{"footnotes":""},"class_list":["post-3839","page","type-page","status-publish"],"_links":{"self":[{"href":"https:\/\/honold-kirchner.de\/index.php\/wp-json\/wp\/v2\/pages\/3839","targetHints":{"allow":["GET"]}}],"collection":[{"href":"https:\/\/honold-kirchner.de\/index.php\/wp-json\/wp\/v2\/pages"}],"about":[{"href":"https:\/\/honold-kirchner.de\/index.php\/wp-json\/wp\/v2\/types\/page"}],"author":[{"embeddable":true,"href":"https:\/\/honold-kirchner.de\/index.php\/wp-json\/wp\/v2\/users\/1"}],"replies":[{"embeddable":true,"href":"https:\/\/honold-kirchner.de\/index.php\/wp-json\/wp\/v2\/comments?post=3839"}],"version-history":[{"count":124,"href":"https:\/\/honold-kirchner.de\/index.php\/wp-json\/wp\/v2\/pages\/3839\/revisions"}],"predecessor-version":[{"id":5657,"href":"https:\/\/honold-kirchner.de\/index.php\/wp-json\/wp\/v2\/pages\/3839\/revisions\/5657"}],"wp:attachment":[{"href":"https:\/\/honold-kirchner.de\/index.php\/wp-json\/wp\/v2\/media?parent=3839"}],"curies":[{"name":"wp","href":"https:\/\/api.w.org\/{rel}","templated":true}]}}