{"id":4444,"date":"2025-05-22T13:30:40","date_gmt":"2025-05-22T13:30:40","guid":{"rendered":"https:\/\/honold-kirchner2.ftl-it.info\/?page_id=4444"},"modified":"2025-07-31T07:53:40","modified_gmt":"2025-07-31T07:53:40","slug":"impressum","status":"publish","type":"page","link":"https:\/\/honold-kirchner.de\/index.php\/impressum\/","title":{"rendered":"Impressum"},"content":{"rendered":"\n<p><strong>Honold &amp; Kirchner GmbH<\/strong><br>Hohenkr\u00e4her Br\u00fchl 2<br>D-78259 M\u00fchlhausen-Ehingen<\/p>\n\n\n\n<p><strong>Gesch\u00e4ftsf\u00fchrer:<br><\/strong>Gerald Honold<br>Heike Honold<\/p>\n\n\n\n<p><strong>Inhaltlich Verantwortlicher<\/strong>:<br>X Honold<br><\/p>\n\n\n\n<p><strong>Umsatzsteuer-Identifikationsnummer<\/strong>:<br>DE198379255<\/p>\n\n\n\n<p><strong>Kontakt:<\/strong><br>Tel.: 07733 &#8211; 50330<br>Fax: 07733 &#8211; 503329<br>E-Mail:&nbsp;<a href=\"mailto:info@honold-kirchner.de\">info@honold-kirchner.de<\/a><\/p>\n\n\n\n<p><strong>Webdesign:<\/strong><br><a href=\"https:\/\/ftl-it.de\/\">\u00a9 FTL-it Systeme GmbH<\/a> &#8211; Leonie Tr\u00f6ster<br><br><\/p>\n\n\n\n<p><strong>Logodesign:<\/strong><br>Honold &amp; Kirchner GmbH<br><br><\/p>\n\n\n\n<p><strong>Bildernachweis:<\/strong><br>Adobe Stock &#8211;&nbsp;<a href=\"https:\/\/honold-kirchner.de\/index.php\/bildernachweis\/\">Zur \u00dcbersicht<\/a><\/p>\n","protected":false},"excerpt":{"rendered":"","protected":false},"author":1,"featured_media":0,"parent":0,"menu_order":0,"comment_status":"closed","ping_status":"closed","template":"","meta":{"footnotes":""},"class_list":["post-4444","page","type-page","status-publish"],"_links":{"self":[{"href":"https:\/\/honold-kirchner.de\/index.php\/wp-json\/wp\/v2\/pages\/4444","targetHints":{"allow":["GET"]}}],"collection":[{"href":"https:\/\/honold-kirchner.de\/index.php\/wp-json\/wp\/v2\/pages"}],"about":[{"href":"https:\/\/honold-kirchner.de\/index.php\/wp-json\/wp\/v2\/types\/page"}],"author":[{"embeddable":true,"href":"https:\/\/honold-kirchner.de\/index.php\/wp-json\/wp\/v2\/users\/1"}],"replies":[{"embeddable":true,"href":"https:\/\/honold-kirchner.de\/index.php\/wp-json\/wp\/v2\/comments?post=4444"}],"version-history":[{"count":12,"href":"https:\/\/honold-kirchner.de\/index.php\/wp-json\/wp\/v2\/pages\/4444\/revisions"}],"predecessor-version":[{"id":5796,"href":"https:\/\/honold-kirchner.de\/index.php\/wp-json\/wp\/v2\/pages\/4444\/revisions\/5796"}],"wp:attachment":[{"href":"https:\/\/honold-kirchner.de\/index.php\/wp-json\/wp\/v2\/media?parent=4444"}],"curies":[{"name":"wp","href":"https:\/\/api.w.org\/{rel}","templated":true}]}}