{"id":4446,"date":"2025-05-22T13:31:11","date_gmt":"2025-05-22T13:31:11","guid":{"rendered":"https:\/\/honold-kirchner2.ftl-it.info\/?page_id=4446"},"modified":"2025-06-17T09:59:30","modified_gmt":"2025-06-17T09:59:30","slug":"datenschutz","status":"publish","type":"page","link":"https:\/\/honold-kirchner.de\/index.php\/datenschutz\/","title":{"rendered":"Datenschutz"},"content":{"rendered":"\n<p>Wir freuen uns \u00fcber Ihr Interesse an unserer Internetseite. Der Schutz Ihrer personenbezogenen Daten bei der Erhebung, Verarbeitung und Nutzung anl\u00e4sslich Ihres Besuchs auf unserer Internetseite ist uns ein wichtiges Anliegen.<\/p>\n\n\n\n<h2 class=\"wp-block-heading\">1. Personenbezogene Daten<\/h2>\n\n\n\n<p>Personenbezogene Daten sind Informationen, die dazu genutzt werden k\u00f6nnen, Ihre Identit\u00e4t zu erfahren. Darunter fallen Ihr Name, die Adresse, Postanschrift und Telefonnummer. Informationen, die nicht mit Ihrer Identit\u00e4t in Verbindung gebracht werden (wie zum Beispiel Anzahl der Nutzer einer Internetseite), geh\u00f6ren nicht dazu. Sie k\u00f6nnen unser Internetseite grunds\u00e4tzlich ohne Offenlegung Ihrer Identit\u00e4t nutzen.<\/p>\n\n\n\n<p>Wenn Sie unsere Internetseite besuchen oder unsere Dienste nutzen \u00fcbermittelt das Ger\u00e4t, mit dem Sie die Seite aufrufen, automatisch Log-Daten (Verbindungsdaten) an unsere Server. Log-Daten enthalten die IP-Adresse des Ger\u00e4tes, mit dem Sie auf die Website oder einen Dienst zugreifen, die Art des Browsers, mit dem Sie zugreifen, die Seite, die Sie zuvor besucht haben, Ihre Systemkonfiguration sowie Datum und Zeitangaben. Die IP-Adressen werden nur gespeichert soweit es zur Erbringung unserer Dienste erforderlich ist. Ansonsten werden die IP-Adressen gel\u00f6scht oder anonymisiert. Ihre IP-Adresse beim Besuch unserer Internetseite speichern wir zur Erkennung und Abwehr von Angriffen maximal 7 Tage.<\/p>\n\n\n\n<p>Soweit die Nutzungs- beziehungsweise Verkehrsdaten f\u00fcr unsere Dienste erforderlich sind werden sie l\u00e4ngstens bis zu sechs Monate nach Erhebung der Daten gespeichert.<\/p>\n\n\n\n<h2 class=\"wp-block-heading\">2. Weitergabe personenbezogener Daten an Dritte<\/h2>\n\n\n\n<p>Wir verwenden Ihre personenbezogenen Informationen nur zum Zweck der Verwendung durch uns.<br>Wir geben die Daten nicht ohne Ihre ausdr\u00fcckliche Einwilligung an Dritte weiter. Soweit wir gesetzlich oder per Gerichtsbeschluss dazu verpflichtet sind, werden wir Ihre Daten an auskunftsberechtigte Stellen \u00fcbermitteln.<\/p>\n\n\n\n<h2 class=\"wp-block-heading\">3. Links zu anderen Websites<\/h2>\n\n\n\n<p>Unser Online-Angebot enth\u00e4lt Links zu anderen Websites. Wir haben keinen Einfluss darauf, dass deren Betreiber die Datenschutzbestimmungen einhalten.<\/p>\n\n\n\n<h2 class=\"wp-block-heading\">4. Google Analytics<\/h2>\n\n\n\n<p>Wir setzen Google Analytics, einen Webanalysedienst der Google Inc. (\u201eGoogle\u201c) auf unserer Internetseite nicht ein.<\/p>\n\n\n\n<h2 class=\"wp-block-heading\">5. Plugins und Tools<\/h2>\n\n\n\n<h3 class=\"wp-block-heading\">Google Web Fonts<\/h3>\n\n\n\n<p>Diese Seite nutzt zur einheitlichen Darstellung von Schriftarten so genannte Web Fonts von Google. Beim Aufruf einer Seite l\u00e4dt Ihr Browser die ben\u00f6tigten Web Fonts in ihren Browsercache, um Texte und Schriftarten korrekt anzuzeigen. <br>Zu diesem Zweck nimmt der von Ihnen verwendete Browser jedoch nicht Verbindung zu den Servern von Google auf, sondern greift auf die Server von Worldsoft in der Schweiz zu. Dadurch erlangt Google keine Kenntnis dar\u00fcber, dass \u00fcber Ihre IP-Adresse unsere Website aufgerufen wurde.<br>Die Nutzung von Google Web Fonts erfolgt im Interesse einer einheitlichen und ansprechenden Darstellung unserer Online-Angebote. Wenn Ihr Browser Web Fonts nicht unterst\u00fctzt, wird eine Standardschrift von Ihrem Computer genutzt.<\/p>\n\n\n\n<h2 class=\"wp-block-heading\">6. Kontakt<\/h2>\n\n\n\n<p><strong>Honold &amp; Kirchner GmbH<\/strong><br>Hohenkr\u00e4her Br\u00fchl 2<br>78259 M\u00fchlhausen-Ehingen<\/p>\n\n\n\n<p><a href=\"mailto: info@honold-kirchner.de\">info@honold-kirchner.de<\/a><\/p>\n","protected":false},"excerpt":{"rendered":"","protected":false},"author":1,"featured_media":0,"parent":0,"menu_order":0,"comment_status":"closed","ping_status":"closed","template":"","meta":{"footnotes":""},"class_list":["post-4446","page","type-page","status-publish"],"_links":{"self":[{"href":"https:\/\/honold-kirchner.de\/index.php\/wp-json\/wp\/v2\/pages\/4446","targetHints":{"allow":["GET"]}}],"collection":[{"href":"https:\/\/honold-kirchner.de\/index.php\/wp-json\/wp\/v2\/pages"}],"about":[{"href":"https:\/\/honold-kirchner.de\/index.php\/wp-json\/wp\/v2\/types\/page"}],"author":[{"embeddable":true,"href":"https:\/\/honold-kirchner.de\/index.php\/wp-json\/wp\/v2\/users\/1"}],"replies":[{"embeddable":true,"href":"https:\/\/honold-kirchner.de\/index.php\/wp-json\/wp\/v2\/comments?post=4446"}],"version-history":[{"count":7,"href":"https:\/\/honold-kirchner.de\/index.php\/wp-json\/wp\/v2\/pages\/4446\/revisions"}],"predecessor-version":[{"id":5297,"href":"https:\/\/honold-kirchner.de\/index.php\/wp-json\/wp\/v2\/pages\/4446\/revisions\/5297"}],"wp:attachment":[{"href":"https:\/\/honold-kirchner.de\/index.php\/wp-json\/wp\/v2\/media?parent=4446"}],"curies":[{"name":"wp","href":"https:\/\/api.w.org\/{rel}","templated":true}]}}