{"id":5879,"date":"2026-04-10T13:23:02","date_gmt":"2026-04-10T13:23:02","guid":{"rendered":"https:\/\/honold-kirchner.de\/?page_id=5879"},"modified":"2026-04-10T13:31:13","modified_gmt":"2026-04-10T13:31:13","slug":"laser-nutzentrennen","status":"publish","type":"page","link":"https:\/\/honold-kirchner.de\/index.php\/laser-nutzentrennen\/","title":{"rendered":"Laser-Nutzentrennen"},"content":{"rendered":"\t\t<div data-elementor-type=\"wp-page\" data-elementor-id=\"5879\" class=\"elementor elementor-5879\">\n\t\t\t\t<div class=\"elementor-element elementor-element-84b4933 e-flex e-con-boxed e-con e-parent\" data-id=\"84b4933\" data-element_type=\"container\" data-e-type=\"container\">\n\t\t\t\t\t<div class=\"e-con-inner\">\n\t\t<div class=\"elementor-element elementor-element-54ccf7a e-con-full e-flex e-con e-child\" data-id=\"54ccf7a\" data-element_type=\"container\" data-e-type=\"container\">\n\t\t\t\t<div class=\"elementor-element elementor-element-754068a elementor-widget__width-initial elementor-invisible elementor-widget elementor-widget-text-editor\" data-id=\"754068a\" data-element_type=\"widget\" data-e-type=\"widget\" data-settings=\"{&quot;_animation&quot;:&quot;fadeInUp&quot;}\" data-widget_type=\"text-editor.default\">\n\t\t\t\t<div class=\"elementor-widget-container\">\n\t\t\t\t\t\t\t\t\t<p><strong>Pr\u00e4zises und schonendes Trennen von Leiterplatten<\/strong><\/p><p>Unser moderne Laser-Nutzentrenner erm\u00f6glicht das <strong>kontaktlose, werkzeugfreie Trennen<\/strong> von Leiterplattennutzen. Im Vergleich zu klassischen Verfahren wie Fr\u00e4sen, S\u00e4gen oder manuellem Brechen arbeitet der Laser vollst\u00e4ndig ber\u00fchrungsfrei \u2013 Materialspannungen, Staub oder Gratbildung geh\u00f6ren damit der Vergangenheit an.<\/p>\t\t\t\t\t\t\t\t<\/div>\n\t\t\t\t<\/div>\n\t\t\t\t<div class=\"elementor-element elementor-element-fd8dc39 elementor-widget__width-initial elementor-invisible elementor-widget elementor-widget-text-editor\" data-id=\"fd8dc39\" data-element_type=\"widget\" data-e-type=\"widget\" data-settings=\"{&quot;_animation&quot;:&quot;fadeInUp&quot;}\" data-widget_type=\"text-editor.default\">\n\t\t\t\t<div class=\"elementor-widget-container\">\n\t\t\t\t\t\t\t\t\t<p><strong>Die Vorteile:<\/strong><\/p><ul><li><strong>H\u00f6chste Pr\u00e4zision<\/strong> bei minimalen Toleranzen<\/li><li><strong>Saubere, gratfreie Schnittkanten<\/strong><\/li><li><strong>Keine mechanische Belastung<\/strong> der Leiterplatte oder Bauteile<\/li><li><strong>Maximale Prozesssicherheit<\/strong> auch bei komplexen Geometrien<\/li><li><strong>hohe Flexibilit\u00e4t<\/strong> bei wechselnden Anforderungen<\/li><\/ul>\t\t\t\t\t\t\t\t<\/div>\n\t\t\t\t<\/div>\n\t\t\t\t<div class=\"elementor-element elementor-element-2d4e4c7 elementor-widget__width-initial elementor-invisible elementor-widget elementor-widget-text-editor\" data-id=\"2d4e4c7\" data-element_type=\"widget\" data-e-type=\"widget\" data-settings=\"{&quot;_animation&quot;:&quot;fadeInUp&quot;}\" data-widget_type=\"text-editor.default\">\n\t\t\t\t<div class=\"elementor-widget-container\">\n\t\t\t\t\t\t\t\t\t<p><strong>Technisch saubere Ergebnisse \u2013 selbst bei anspruchsvollen Anwendungen<\/strong><\/p><p>Besonders bei empfindlichen Bauteilen oder feinen Strukturen spielt ein Laser-Nutzentrenner seine St\u00e4rken aus. Das kontaktlose Trennen sorgt f\u00fcr stressfreie Bearbeitung und eine technisch saubere Schnittkante, was vor allem in hochwertigen Elektronikanwendungen entscheidend ist.<\/p>\t\t\t\t\t\t\t\t<\/div>\n\t\t\t\t<\/div>\n\t\t\t\t<\/div>\n\t\t<div class=\"elementor-element elementor-element-c3df49f e-con-full e-flex e-con e-child\" data-id=\"c3df49f\" data-element_type=\"container\" data-e-type=\"container\">\n\t\t<div class=\"elementor-element elementor-element-c6fdaa6 e-con-full e-flex e-con e-child\" data-id=\"c6fdaa6\" data-element_type=\"container\" data-e-type=\"container\">\n\t\t\t\t<div class=\"elementor-element elementor-element-3b7fbdb elementor-invisible elementor-widget elementor-widget-image\" data-id=\"3b7fbdb\" data-element_type=\"widget\" data-e-type=\"widget\" data-settings=\"{&quot;_animation&quot;:&quot;fadeInRight&quot;}\" data-widget_type=\"image.default\">\n\t\t\t\t<div class=\"elementor-widget-container\">\n\t\t\t\t\t\t\t\t\t\t\t\t\t\t\t<img fetchpriority=\"high\" decoding=\"async\" width=\"800\" height=\"1020\" src=\"https:\/\/honold-kirchner.de\/wp-content\/uploads\/2026\/04\/csm_CuttingMaster_2246_front_9018b11ef3-803x1024.jpg\" class=\"attachment-large size-large wp-image-5883\" alt=\"\" srcset=\"https:\/\/honold-kirchner.de\/wp-content\/uploads\/2026\/04\/csm_CuttingMaster_2246_front_9018b11ef3-803x1024.jpg 803w, https:\/\/honold-kirchner.de\/wp-content\/uploads\/2026\/04\/csm_CuttingMaster_2246_front_9018b11ef3-235x300.jpg 235w, https:\/\/honold-kirchner.de\/wp-content\/uploads\/2026\/04\/csm_CuttingMaster_2246_front_9018b11ef3-768x980.jpg 768w, https:\/\/honold-kirchner.de\/wp-content\/uploads\/2026\/04\/csm_CuttingMaster_2246_front_9018b11ef3-9x12.jpg 9w, https:\/\/honold-kirchner.de\/wp-content\/uploads\/2026\/04\/csm_CuttingMaster_2246_front_9018b11ef3.jpg 1024w\" sizes=\"(max-width: 800px) 100vw, 800px\" \/>\t\t\t\t\t\t\t\t\t\t\t\t\t\t\t<\/div>\n\t\t\t\t<\/div>\n\t\t\t\t<\/div>\n\t\t<div class=\"elementor-element elementor-element-807c80f e-con-full e-flex e-con e-child\" data-id=\"807c80f\" data-element_type=\"container\" data-e-type=\"container\">\n\t\t\t\t<div class=\"elementor-element elementor-element-87b1aa1 elementor-invisible elementor-widget elementor-widget-image\" data-id=\"87b1aa1\" data-element_type=\"widget\" data-e-type=\"widget\" data-settings=\"{&quot;_animation&quot;:&quot;fadeInRight&quot;}\" data-widget_type=\"image.default\">\n\t\t\t\t<div class=\"elementor-widget-container\">\n\t\t\t\t\t\t\t\t\t\t\t\t\t\t\t<img decoding=\"async\" width=\"800\" height=\"641\" src=\"https:\/\/honold-kirchner.de\/wp-content\/uploads\/2026\/04\/csm_FR4_cutting_for_PCB_pre-routing_d46668065b.jpg\" class=\"attachment-large size-large wp-image-5884\" alt=\"\" srcset=\"https:\/\/honold-kirchner.de\/wp-content\/uploads\/2026\/04\/csm_FR4_cutting_for_PCB_pre-routing_d46668065b.jpg 1024w, https:\/\/honold-kirchner.de\/wp-content\/uploads\/2026\/04\/csm_FR4_cutting_for_PCB_pre-routing_d46668065b-300x240.jpg 300w, https:\/\/honold-kirchner.de\/wp-content\/uploads\/2026\/04\/csm_FR4_cutting_for_PCB_pre-routing_d46668065b-768x615.jpg 768w, https:\/\/honold-kirchner.de\/wp-content\/uploads\/2026\/04\/csm_FR4_cutting_for_PCB_pre-routing_d46668065b-15x12.jpg 15w\" sizes=\"(max-width: 800px) 100vw, 800px\" \/>\t\t\t\t\t\t\t\t\t\t\t\t\t\t\t<\/div>\n\t\t\t\t<\/div>\n\t\t\t\t<\/div>\n\t\t\t\t<\/div>\n\t\t\t\t\t<\/div>\n\t\t\t\t<\/div>\n\t\t\t\t<\/div>\n\t\t","protected":false},"excerpt":{"rendered":"","protected":false},"author":2,"featured_media":0,"parent":0,"menu_order":0,"comment_status":"closed","ping_status":"closed","template":"","meta":{"footnotes":""},"class_list":["post-5879","page","type-page","status-publish"],"_links":{"self":[{"href":"https:\/\/honold-kirchner.de\/index.php\/wp-json\/wp\/v2\/pages\/5879","targetHints":{"allow":["GET"]}}],"collection":[{"href":"https:\/\/honold-kirchner.de\/index.php\/wp-json\/wp\/v2\/pages"}],"about":[{"href":"https:\/\/honold-kirchner.de\/index.php\/wp-json\/wp\/v2\/types\/page"}],"author":[{"embeddable":true,"href":"https:\/\/honold-kirchner.de\/index.php\/wp-json\/wp\/v2\/users\/2"}],"replies":[{"embeddable":true,"href":"https:\/\/honold-kirchner.de\/index.php\/wp-json\/wp\/v2\/comments?post=5879"}],"version-history":[{"count":13,"href":"https:\/\/honold-kirchner.de\/index.php\/wp-json\/wp\/v2\/pages\/5879\/revisions"}],"predecessor-version":[{"id":5899,"href":"https:\/\/honold-kirchner.de\/index.php\/wp-json\/wp\/v2\/pages\/5879\/revisions\/5899"}],"wp:attachment":[{"href":"https:\/\/honold-kirchner.de\/index.php\/wp-json\/wp\/v2\/media?parent=5879"}],"curies":[{"name":"wp","href":"https:\/\/api.w.org\/{rel}","templated":true}]}}