{"id":7,"date":"2025-03-17T10:02:25","date_gmt":"2025-03-17T10:02:25","guid":{"rendered":"https:\/\/honold-kirchner2.ftl-it.info\/?page_id=7"},"modified":"2025-03-17T12:11:45","modified_gmt":"2025-03-17T12:11:45","slug":"about","status":"publish","type":"page","link":"https:\/\/honold-kirchner.de\/index.php\/about\/","title":{"rendered":"Unternehmen"},"content":{"rendered":"\n<div class=\"wp-block-media-text is-stacked-on-mobile pattern-about\" style=\"grid-template-columns:20% auto\"><figure class=\"wp-block-media-text__media\"><img decoding=\"async\" width=\"201\" height=\"105\" src=\"https:\/\/honold-kirchner.de\/wp-content\/uploads\/2025\/03\/cropped-Logo_HK_Schatten_400.png\" alt=\"\" class=\"wp-image-22 size-full\"\/><\/figure><div class=\"wp-block-media-text__content\">\n<p>Die Honold &amp; Kirchner GmbH ist ein mittelst\u00e4ndisches Familienunternehmen in M\u00fchlhausen-Ehingen im Kreis Konstanz. Seit circa zwei Jahrzehnten sind wir in der Entwicklung und Fertigung von Baugruppen bis hin zu komplexen elektronischen Ger\u00e4ten und Systemen t\u00e4tig.<\/p>\n\n\n\n<p>Im Umgang mit unseren Kunden setzen wir auf Zuverl\u00e4ssigkeit, Vertrauen und langfristige Gesch\u00e4ftsbeziehungen. Wir sind der \u00dcberzeugung dass diese Ingredienzien elementare Bestandteile einer gesunden Partnerschaft darstellen.<\/p>\n<\/div><\/div>\n\n\n\n<div class=\"wp-block-group team-members-pattern p-animation-zoom-in\" style=\"padding-top:var(--wp--preset--spacing--large);padding-bottom:var(--wp--preset--spacing--large)\"><div class=\"wp-block-group__inner-container is-layout-flow wp-block-group-is-layout-flow\">\n<h2 class=\"wp-block-heading has-text-align-center has-large-font-size\">Meet the Team<\/h2>\n\n\n\n<div style=\"height:16px\" aria-hidden=\"true\" class=\"wp-block-spacer\"><\/div>\n\n\n\n<p class=\"has-text-align-center\">Meet our team of dedicated professionals.<\/p>\n\n\n\n<div class=\"wp-block-columns is-layout-flex wp-container-core-columns-is-layout-60b5aaea wp-block-columns-is-layout-flex\" style=\"padding-top:0;padding-right:0;padding-bottom:0;padding-left:0\">\n<div class=\"wp-block-column is-layout-flow wp-block-column-is-layout-flow\" style=\"padding-top:var(--wp--preset--spacing--small);padding-bottom:var(--wp--preset--spacing--small)\"><div class=\"wp-block-image\">\n<figure class=\"aligncenter size-full is-resized has-custom-border\"><img decoding=\"async\" src=\"https:\/\/honold-kirchner.de\/wp-content\/themes\/prespa\/assets\/img\/patterns\/team\/person-14.jpg\" alt=\"\" class=\"wp-image-3314\" style=\"border-radius:50%;width:120px\"\/><\/figure>\n<\/div>\n\n\n<h4 class=\"wp-block-heading has-text-align-center\">Richard Sambrora<\/h4>\n\n\n\n<p class=\"has-text-align-center\">Head of Sales<\/p>\n<\/div>\n\n\n\n<div class=\"wp-block-column is-layout-flow wp-block-column-is-layout-flow\" style=\"padding-top:var(--wp--preset--spacing--small);padding-right:0;padding-bottom:var(--wp--preset--spacing--small);padding-left:0\"><div class=\"wp-block-image\">\n<figure class=\"aligncenter size-full is-resized has-custom-border\"><img decoding=\"async\" src=\"https:\/\/honold-kirchner.de\/wp-content\/themes\/prespa\/assets\/img\/patterns\/team\/person-12.jpg\" alt=\"\" class=\"wp-image-3315\" style=\"border-radius:50%;width:120px\"\/><\/figure>\n<\/div>\n\n\n<h4 class=\"wp-block-heading has-text-align-center\">Jonathan Grey<\/h4>\n\n\n\n<p class=\"has-text-align-center\">CTO<\/p>\n<\/div>\n\n\n\n<div class=\"wp-block-column is-layout-flow wp-block-column-is-layout-flow\" style=\"padding-top:var(--wp--preset--spacing--small);padding-bottom:var(--wp--preset--spacing--small)\"><div class=\"wp-block-image\">\n<figure class=\"aligncenter size-full is-resized has-custom-border\"><img decoding=\"async\" src=\"https:\/\/honold-kirchner.de\/wp-content\/themes\/prespa\/assets\/img\/patterns\/team\/person-13.jpg\" alt=\"\" class=\"wp-image-3316\" style=\"border-width:px;border-radius:50%;width:120px\"\/><\/figure>\n<\/div>\n\n\n<h4 class=\"wp-block-heading has-text-align-center\">Elsa Walson<\/h4>\n\n\n\n<p class=\"has-text-align-center\">HR Director<\/p>\n<\/div>\n\n\n\n<div class=\"wp-block-column is-layout-flow wp-block-column-is-layout-flow\" style=\"padding-top:var(--wp--preset--spacing--small);padding-bottom:var(--wp--preset--spacing--small)\"><div class=\"wp-block-image\">\n<figure class=\"aligncenter size-full is-resized has-custom-border\"><img decoding=\"async\" src=\"https:\/\/honold-kirchner.de\/wp-content\/themes\/prespa\/assets\/img\/patterns\/team\/person-1.jpg\" alt=\"\" class=\"wp-image-3320\" style=\"border-radius:50%;width:120px\"\/><\/figure>\n<\/div>\n\n\n<h4 class=\"wp-block-heading has-text-align-center\">Jonathan Doe<\/h4>\n\n\n\n<p class=\"has-text-align-center\">Founder and CEO<\/p>\n<\/div>\n<\/div>\n<\/div><\/div>\n","protected":false},"excerpt":{"rendered":"","protected":false},"author":1,"featured_media":0,"parent":0,"menu_order":0,"comment_status":"closed","ping_status":"closed","template":"","meta":{"footnotes":""},"class_list":["post-7","page","type-page","status-publish"],"_links":{"self":[{"href":"https:\/\/honold-kirchner.de\/index.php\/wp-json\/wp\/v2\/pages\/7","targetHints":{"allow":["GET"]}}],"collection":[{"href":"https:\/\/honold-kirchner.de\/index.php\/wp-json\/wp\/v2\/pages"}],"about":[{"href":"https:\/\/honold-kirchner.de\/index.php\/wp-json\/wp\/v2\/types\/page"}],"author":[{"embeddable":true,"href":"https:\/\/honold-kirchner.de\/index.php\/wp-json\/wp\/v2\/users\/1"}],"replies":[{"embeddable":true,"href":"https:\/\/honold-kirchner.de\/index.php\/wp-json\/wp\/v2\/comments?post=7"}],"version-history":[{"count":4,"href":"https:\/\/honold-kirchner.de\/index.php\/wp-json\/wp\/v2\/pages\/7\/revisions"}],"predecessor-version":[{"id":102,"href":"https:\/\/honold-kirchner.de\/index.php\/wp-json\/wp\/v2\/pages\/7\/revisions\/102"}],"wp:attachment":[{"href":"https:\/\/honold-kirchner.de\/index.php\/wp-json\/wp\/v2\/media?parent=7"}],"curies":[{"name":"wp","href":"https:\/\/api.w.org\/{rel}","templated":true}]}}